{"id":1475,"date":"2022-05-26T15:39:16","date_gmt":"2022-05-26T15:39:16","guid":{"rendered":"https:\/\/emprendedorescientificos.org\/?page_id=1475"},"modified":"2022-05-26T15:39:16","modified_gmt":"2022-05-26T15:39:16","slug":"sede","status":"publish","type":"page","link":"https:\/\/emprendedorescientificos.org\/6-congreso\/sede\/","title":{"rendered":"Sede del congreso"},"content":{"rendered":"\t\t<div data-elementor-type=\"wp-page\" data-elementor-id=\"1475\" class=\"elementor elementor-1475\">\n\t\t\t\t\t\t<section class=\"elementor-section elementor-top-section elementor-element elementor-element-4c6f9e2c elementor-section-height-min-height elementor-section-boxed elementor-section-height-default elementor-section-items-middle\" data-id=\"4c6f9e2c\" data-element_type=\"section\" data-e-type=\"section\" data-settings=\"{&quot;background_background&quot;:&quot;slideshow&quot;,&quot;background_slideshow_gallery&quot;:[{&quot;id&quot;:1224,&quot;url&quot;:&quot;http:\\\/\\\/emprendedorescientificos.org\\\/wp-content\\\/uploads\\\/2022\\\/05\\\/carrusel_4.jpg&quot;}],&quot;background_slideshow_ken_burns&quot;:&quot;yes&quot;,&quot;background_slideshow_loop&quot;:&quot;yes&quot;,&quot;background_slideshow_slide_duration&quot;:5000,&quot;background_slideshow_slide_transition&quot;:&quot;fade&quot;,&quot;background_slideshow_transition_duration&quot;:500,&quot;background_slideshow_ken_burns_zoom_direction&quot;:&quot;in&quot;}\">\n\t\t\t\t\t\t\t<div class=\"elementor-background-overlay\"><\/div>\n\t\t\t\t\t\t\t<div class=\"elementor-container elementor-column-gap-default\">\n\t\t\t\t\t<div class=\"elementor-column elementor-col-100 elementor-top-column elementor-element elementor-element-4d2a7ec6\" data-id=\"4d2a7ec6\" data-element_type=\"column\" data-e-type=\"column\" data-settings=\"{&quot;background_background&quot;:&quot;classic&quot;}\">\n\t\t\t<div class=\"elementor-widget-wrap elementor-element-populated\">\n\t\t\t\t\t\t<div class=\"elementor-element elementor-element-71df1c2b elementor-widget elementor-widget-heading\" data-id=\"71df1c2b\" data-element_type=\"widget\" data-e-type=\"widget\" data-widget_type=\"heading.default\">\n\t\t\t\t<div class=\"elementor-widget-container\">\n\t\t\t\t\t<div class=\"elementor-heading-title elementor-size-large\">UCAM HITECH <\/div>\t\t\t\t<\/div>\n\t\t\t\t<\/div>\n\t\t\t\t<div class=\"elementor-element elementor-element-59039f5 elementor-widget elementor-widget-text-editor\" data-id=\"59039f5\" data-element_type=\"widget\" data-e-type=\"widget\" data-widget_type=\"text-editor.default\">\n\t\t\t\t<div class=\"elementor-widget-container\">\n\t\t\t\t\t\t\t\t\t<p>Centro de innovaci\u00f3n y aceleraci\u00f3n empresarial creado por la UCAM Universidad Cat\u00f3lica de Murcia, cuyo objetivo es fomentar la cultura del emprendimiento, la investigaci\u00f3n aplicada al mundo de la salud, el deporte y la alimentaci\u00f3n.<\/p>\t\t\t\t\t\t\t\t<\/div>\n\t\t\t\t<\/div>\n\t\t\t\t<div class=\"elementor-element elementor-element-1d727b15 elementor-widget elementor-widget-spacer\" data-id=\"1d727b15\" data-element_type=\"widget\" data-e-type=\"widget\" data-widget_type=\"spacer.default\">\n\t\t\t\t<div class=\"elementor-widget-container\">\n\t\t\t\t\t\t\t<div class=\"elementor-spacer\">\n\t\t\t<div class=\"elementor-spacer-inner\"><\/div>\n\t\t<\/div>\n\t\t\t\t\t\t<\/div>\n\t\t\t\t<\/div>\n\t\t\t\t\t<\/div>\n\t\t<\/div>\n\t\t\t\t\t<\/div>\n\t\t<\/section>\n\t\t\t\t<footer class=\"elementor-section elementor-top-section elementor-element elementor-element-4f1a985 elementor-section-boxed elementor-section-height-default elementor-section-height-default\" data-id=\"4f1a985\" data-element_type=\"section\" data-e-type=\"section\" data-settings=\"{&quot;background_background&quot;:&quot;classic&quot;}\">\n\t\t\t\t\t\t\t<div class=\"elementor-background-overlay\"><\/div>\n\t\t\t\t\t\t\t<div class=\"elementor-container elementor-column-gap-default\">\n\t\t\t\t\t<div class=\"elementor-column elementor-col-100 elementor-top-column elementor-element elementor-element-f92efeb\" data-id=\"f92efeb\" data-element_type=\"column\" data-e-type=\"column\">\n\t\t\t<div class=\"elementor-widget-wrap elementor-element-populated\">\n\t\t\t\t\t\t<div class=\"elementor-element elementor-element-f763548 elementor-widget elementor-widget-spacer\" data-id=\"f763548\" data-element_type=\"widget\" data-e-type=\"widget\" data-widget_type=\"spacer.default\">\n\t\t\t\t<div class=\"elementor-widget-container\">\n\t\t\t\t\t\t\t<div class=\"elementor-spacer\">\n\t\t\t<div class=\"elementor-spacer-inner\"><\/div>\n\t\t<\/div>\n\t\t\t\t\t\t<\/div>\n\t\t\t\t<\/div>\n\t\t\t\t<div class=\"elementor-element elementor-element-409cc69 elementor-invisible elementor-widget elementor-widget-heading\" data-id=\"409cc69\" data-element_type=\"widget\" data-e-type=\"widget\" data-settings=\"{&quot;_animation&quot;:&quot;fadeInDown&quot;}\" data-widget_type=\"heading.default\">\n\t\t\t\t<div class=\"elementor-widget-container\">\n\t\t\t\t\t<h2 class=\"elementor-heading-title elementor-size-default\">LA SEDE<\/h2>\t\t\t\t<\/div>\n\t\t\t\t<\/div>\n\t\t\t\t<div class=\"elementor-element elementor-element-476a6fe elementor-widget-divider--view-line_icon elementor-view-default elementor-widget-divider--element-align-center elementor-invisible elementor-widget elementor-widget-divider\" data-id=\"476a6fe\" data-element_type=\"widget\" data-e-type=\"widget\" data-settings=\"{&quot;_animation&quot;:&quot;fadeInDown&quot;}\" data-widget_type=\"divider.default\">\n\t\t\t\t<div class=\"elementor-widget-container\">\n\t\t\t\t\t\t\t<div class=\"elementor-divider\">\n\t\t\t<span class=\"elementor-divider-separator\">\n\t\t\t\t\t\t\t<div class=\"elementor-icon elementor-divider__element\">\n\t\t\t\t\t<\/div>\n\t\t\t\t\t\t<\/span>\n\t\t<\/div>\n\t\t\t\t\t\t<\/div>\n\t\t\t\t<\/div>\n\t\t\t\t<section class=\"elementor-section elementor-inner-section elementor-element elementor-element-a5eb4f4 elementor-section-boxed elementor-section-height-default elementor-section-height-default\" data-id=\"a5eb4f4\" data-element_type=\"section\" data-e-type=\"section\">\n\t\t\t\t\t\t<div class=\"elementor-container elementor-column-gap-default\">\n\t\t\t\t\t<div class=\"elementor-column elementor-col-50 elementor-inner-column elementor-element elementor-element-891948d elementor-invisible\" data-id=\"891948d\" data-element_type=\"column\" data-e-type=\"column\" data-settings=\"{&quot;animation&quot;:&quot;fadeInLeft&quot;}\">\n\t\t\t<div class=\"elementor-widget-wrap elementor-element-populated\">\n\t\t\t\t\t\t<div class=\"elementor-element elementor-element-42497f0 elementor-widget elementor-widget-image\" data-id=\"42497f0\" data-element_type=\"widget\" data-e-type=\"widget\" data-widget_type=\"image.default\">\n\t\t\t\t<div class=\"elementor-widget-container\">\n\t\t\t\t\t\t\t\t\t\t\t\t\t\t\t<img decoding=\"async\" src=\"https:\/\/emprendedorescientificos.org\/wp-content\/uploads\/2023\/06\/Foto-hitech.png\" title=\"\" alt=\"\" loading=\"lazy\" \/>\t\t\t\t\t\t\t\t\t\t\t\t\t\t\t<\/div>\n\t\t\t\t<\/div>\n\t\t\t\t\t<\/div>\n\t\t<\/div>\n\t\t\t\t<div class=\"elementor-column elementor-col-50 elementor-inner-column elementor-element elementor-element-f9cd8d7 elementor-invisible\" data-id=\"f9cd8d7\" data-element_type=\"column\" data-e-type=\"column\" data-settings=\"{&quot;animation&quot;:&quot;fadeInRight&quot;}\">\n\t\t\t<div class=\"elementor-widget-wrap elementor-element-populated\">\n\t\t\t\t\t\t<div class=\"elementor-element elementor-element-c8bffaa elementor-widget elementor-widget-text-editor\" data-id=\"c8bffaa\" data-element_type=\"widget\" data-e-type=\"widget\" data-widget_type=\"text-editor.default\">\n\t\t\t\t<div class=\"elementor-widget-container\">\n\t\t\t\t\t\t\t\t\t<p class=\"sqsrte-large\" style=\"background-image: initial; background-position: initial; background-size: initial; background-repeat: initial; background-attachment: initial; background-origin: initial; background-clip: initial;\"><span style=\"font-family: Arial, sans-serif; color: #1a1a1a; letter-spacing: 0.1pt; font-size: 14pt;\">UCAM HiTech busca crear un ecosistema colaborativo de investigaci\u00f3n, la innovaci\u00f3n y el emprendimiento en el que participen diferentes actores (empresas, emprendedores, investigadores, inversores, etc.). Es un centro de <strong>innovaci\u00f3n <\/strong>y<strong> aceleraci\u00f3n empresarial<\/strong> creado por la UCAM Universidad Cat\u00f3lica de Murcia, cuyo objetivo es fomentar la cultura del emprendimiento, la investigaci\u00f3n aplicada al mundo de la <strong>salud<\/strong>, el <strong>deporte <\/strong>y la <strong>alimentaci\u00f3n<\/strong>.<\/span><\/p>\t\t\t\t\t\t\t\t<\/div>\n\t\t\t\t<\/div>\n\t\t\t\t\t<\/div>\n\t\t<\/div>\n\t\t\t\t\t<\/div>\n\t\t<\/section>\n\t\t\t\t<div class=\"elementor-element elementor-element-a8b72d7 elementor-invisible elementor-widget elementor-widget-heading\" data-id=\"a8b72d7\" data-element_type=\"widget\" data-e-type=\"widget\" data-settings=\"{&quot;_animation&quot;:&quot;fadeInDown&quot;}\" data-widget_type=\"heading.default\">\n\t\t\t\t<div class=\"elementor-widget-container\">\n\t\t\t\t\t<h2 class=\"elementor-heading-title elementor-size-default\">LUGAR DE CELEBRACI\u00d3N<\/h2>\t\t\t\t<\/div>\n\t\t\t\t<\/div>\n\t\t\t\t<section class=\"elementor-section elementor-inner-section elementor-element elementor-element-4487904 elementor-section-boxed elementor-section-height-default elementor-section-height-default\" data-id=\"4487904\" data-element_type=\"section\" data-e-type=\"section\">\n\t\t\t\t\t\t<div class=\"elementor-container elementor-column-gap-default\">\n\t\t\t\t\t<div class=\"elementor-column elementor-col-50 elementor-inner-column elementor-element elementor-element-2dbb6f2 elementor-invisible\" data-id=\"2dbb6f2\" data-element_type=\"column\" data-e-type=\"column\" data-settings=\"{&quot;animation&quot;:&quot;fadeInLeft&quot;}\">\n\t\t\t<div class=\"elementor-widget-wrap elementor-element-populated\">\n\t\t\t\t\t\t<div class=\"elementor-element elementor-element-6b6a280 elementor-widget elementor-widget-image\" data-id=\"6b6a280\" data-element_type=\"widget\" data-e-type=\"widget\" data-widget_type=\"image.default\">\n\t\t\t\t<div class=\"elementor-widget-container\">\n\t\t\t\t\t\t\t\t\t\t\t\t\t\t\t<img decoding=\"async\" src=\"https:\/\/emprendedorescientificos.org\/wp-content\/uploads\/2023\/06\/sede.png\" title=\"\" alt=\"\" loading=\"lazy\" \/>\t\t\t\t\t\t\t\t\t\t\t\t\t\t\t<\/div>\n\t\t\t\t<\/div>\n\t\t\t\t\t<\/div>\n\t\t<\/div>\n\t\t\t\t<div class=\"elementor-column elementor-col-50 elementor-inner-column elementor-element elementor-element-202faac elementor-invisible\" data-id=\"202faac\" data-element_type=\"column\" data-e-type=\"column\" data-settings=\"{&quot;animation&quot;:&quot;fadeInRight&quot;}\">\n\t\t\t<div class=\"elementor-widget-wrap elementor-element-populated\">\n\t\t\t\t\t\t<div class=\"elementor-element elementor-element-976267b elementor-widget elementor-widget-text-editor\" data-id=\"976267b\" data-element_type=\"widget\" data-e-type=\"widget\" data-widget_type=\"text-editor.default\">\n\t\t\t\t<div class=\"elementor-widget-container\">\n\t\t\t\t\t\t\t\t\t<p>Se trata de una sala c\u00f3moda, moderna, con capacidad aproximada para 150 personas y con hist\u00f3rico de haber acogido congresos.<\/p>\t\t\t\t\t\t\t\t<\/div>\n\t\t\t\t<\/div>\n\t\t\t\t\t<\/div>\n\t\t<\/div>\n\t\t\t\t\t<\/div>\n\t\t<\/section>\n\t\t\t\t<div class=\"elementor-element elementor-element-13a8981 elementor-invisible elementor-widget elementor-widget-heading\" data-id=\"13a8981\" data-element_type=\"widget\" data-e-type=\"widget\" data-settings=\"{&quot;_animation&quot;:&quot;fadeInDown&quot;}\" data-widget_type=\"heading.default\">\n\t\t\t\t<div class=\"elementor-widget-container\">\n\t\t\t\t\t<h2 class=\"elementor-heading-title elementor-size-default\">\u00bfD\u00d3NDE EST\u00c1?<\/h2>\t\t\t\t<\/div>\n\t\t\t\t<\/div>\n\t\t\t\t<div class=\"elementor-element elementor-element-e5478dc elementor-widget elementor-widget-google_maps\" data-id=\"e5478dc\" data-element_type=\"widget\" data-e-type=\"widget\" data-widget_type=\"google_maps.default\">\n\t\t\t\t<div class=\"elementor-widget-container\">\n\t\t\t\t\t\t\t<div class=\"elementor-custom-embed\">\n\t\t\t<iframe loading=\"lazy\"\n\t\t\t\t\tsrc=\"https:\/\/maps.google.com\/maps?q=ucam%20hitech&#038;t=m&#038;z=13&#038;output=embed&#038;iwloc=near\"\n\t\t\t\t\ttitle=\"ucam hitech\"\n\t\t\t\t\taria-label=\"ucam hitech\"\n\t\t\t><\/iframe>\n\t\t<\/div>\n\t\t\t\t\t\t<\/div>\n\t\t\t\t<\/div>\n\t\t\t\t\t<\/div>\n\t\t<\/div>\n\t\t\t\t\t<\/div>\n\t\t<\/footer>\n\t\t\t\t<section class=\"elementor-section elementor-top-section elementor-element elementor-element-f428a13 elementor-section-boxed elementor-section-height-default elementor-section-height-default\" data-id=\"f428a13\" data-element_type=\"section\" data-e-type=\"section\" data-settings=\"{&quot;background_background&quot;:&quot;classic&quot;}\">\n\t\t\t\t\t\t<div class=\"elementor-container elementor-column-gap-default\">\n\t\t\t\t\t<div class=\"elementor-column elementor-col-50 elementor-top-column elementor-element elementor-element-fe1716f elementor-invisible\" data-id=\"fe1716f\" data-element_type=\"column\" data-e-type=\"column\" data-settings=\"{&quot;animation&quot;:&quot;fadeInLeft&quot;}\">\n\t\t\t<div class=\"elementor-widget-wrap elementor-element-populated\">\n\t\t\t\t\t\t<div class=\"elementor-element elementor-element-73f532f elementor-widget elementor-widget-heading\" data-id=\"73f532f\" data-element_type=\"widget\" data-e-type=\"widget\" data-widget_type=\"heading.default\">\n\t\t\t\t<div class=\"elementor-widget-container\">\n\t\t\t\t\t<h3 class=\"elementor-heading-title elementor-size-default\">Reserva tu entrada. Te esperamos<\/h3>\t\t\t\t<\/div>\n\t\t\t\t<\/div>\n\t\t\t\t\t<\/div>\n\t\t<\/div>\n\t\t\t\t<div class=\"elementor-column elementor-col-50 elementor-top-column elementor-element elementor-element-1534013 elementor-invisible\" data-id=\"1534013\" data-element_type=\"column\" data-e-type=\"column\" data-settings=\"{&quot;animation&quot;:&quot;fadeInRight&quot;}\">\n\t\t\t<div class=\"elementor-widget-wrap elementor-element-populated\">\n\t\t\t\t\t\t<div class=\"elementor-element elementor-element-3d96cab elementor-align-center elementor-invisible elementor-widget elementor-widget-button\" data-id=\"3d96cab\" data-element_type=\"widget\" data-e-type=\"widget\" data-settings=\"{&quot;_animation&quot;:&quot;fadeInUp&quot;}\" data-widget_type=\"button.default\">\n\t\t\t\t<div class=\"elementor-widget-container\">\n\t\t\t\t\t\t\t\t\t<div class=\"elementor-button-wrapper\">\n\t\t\t\t\t<a class=\"elementor-button elementor-button-link elementor-size-sm\" href=\"https:\/\/emprendedorescientificos.org\/entradas\" target=\"_blank\">\n\t\t\t\t\t\t<span class=\"elementor-button-content-wrapper\">\n\t\t\t\t\t\t\t\t\t<span class=\"elementor-button-text\">COMPRAR ENTRADA<\/span>\n\t\t\t\t\t<\/span>\n\t\t\t\t\t<\/a>\n\t\t\t\t<\/div>\n\t\t\t\t\t\t\t\t<\/div>\n\t\t\t\t<\/div>\n\t\t\t\t\t<\/div>\n\t\t<\/div>\n\t\t\t\t\t<\/div>\n\t\t<\/section>\n\t\t\t\t<\/div>\n\t\t","protected":false},"excerpt":{"rendered":"<p>\/*! elementor &#8211; v3.7.4 &#8211; 31-08-2022 *\/ .elementor-heading-title{padding:0;margin:0;line-height:1}.elementor-widget-heading .elementor-heading-title[class*=elementor-size-]&gt;a{color:inherit;font-size:inherit;line-height:inherit}.elementor-widget-heading .elementor-heading-title.elementor-size-small{font-size:15px}.elementor-widget-heading .elementor-heading-title.elementor-size-medium{font-size:19px}.elementor-widget-heading .elementor-heading-title.elementor-size-large{font-size:29px}.elementor-widget-heading .elementor-heading-title.elementor-size-xl{font-size:39px}.elementor-widget-heading .elementor-heading-title.elementor-size-xxl{font-size:59px}UCAM HITECH Centro de innovaci\u00f3n y aceleraci\u00f3n empresarial creado por la UCAM Universidad Cat\u00f3lica de Murcia, cuyo&#8230;<\/p>\n","protected":false},"author":1,"featured_media":56,"parent":0,"menu_order":0,"comment_status":"closed","ping_status":"closed","template":"elementor_header_footer","meta":{"_acf_changed":false,"footnotes":""},"class_list":["post-1475","page","type-page","status-publish","has-post-thumbnail","hentry"],"yoast_head":"<!-- This site is optimized with the Yoast SEO plugin v25.6 - https:\/\/yoast.com\/wordpress\/plugins\/seo\/ -->\n<title>Sede del congreso - VI Congreso Nacional<\/title>\n<meta name=\"robots\" content=\"index, follow, max-snippet:-1, max-image-preview:large, max-video-preview:-1\" \/>\n<link rel=\"canonical\" href=\"https:\/\/emprendedorescientificos.org\/6-congreso\/sede\/\" \/>\n<meta property=\"og:locale\" content=\"es_ES\" \/>\n<meta property=\"og:type\" content=\"article\" \/>\n<meta property=\"og:title\" content=\"Sede del congreso - VI Congreso Nacional\" \/>\n<meta property=\"og:description\" content=\"\/*! elementor &#8211; v3.7.4 &#8211; 31-08-2022 *\/ .elementor-heading-title{padding:0;margin:0;line-height:1}.elementor-widget-heading .elementor-heading-title[class*=elementor-size-]&gt;a{color:inherit;font-size:inherit;line-height:inherit}.elementor-widget-heading .elementor-heading-title.elementor-size-small{font-size:15px}.elementor-widget-heading .elementor-heading-title.elementor-size-medium{font-size:19px}.elementor-widget-heading .elementor-heading-title.elementor-size-large{font-size:29px}.elementor-widget-heading .elementor-heading-title.elementor-size-xl{font-size:39px}.elementor-widget-heading .elementor-heading-title.elementor-size-xxl{font-size:59px}UCAM HITECH Centro de innovaci\u00f3n y aceleraci\u00f3n empresarial creado por la UCAM Universidad Cat\u00f3lica de Murcia, cuyo...\" \/>\n<meta property=\"og:url\" content=\"https:\/\/emprendedorescientificos.org\/6-congreso\/sede\/\" \/>\n<meta property=\"og:site_name\" content=\"VI Congreso Nacional\" \/>\n<meta name=\"twitter:card\" content=\"summary_large_image\" \/>\n<meta name=\"twitter:label1\" content=\"Tiempo de lectura\" \/>\n\t<meta name=\"twitter:data1\" content=\"3 minutos\" \/>\n<script type=\"application\/ld+json\" class=\"yoast-schema-graph\">{\"@context\":\"https:\/\/schema.org\",\"@graph\":[{\"@type\":\"WebPage\",\"@id\":\"https:\/\/emprendedorescientificos.org\/6-congreso\/sede\/\",\"url\":\"https:\/\/emprendedorescientificos.org\/6-congreso\/sede\/\",\"name\":\"Sede del congreso - VI Congreso Nacional\",\"isPartOf\":{\"@id\":\"https:\/\/emprendedorescientificos.org\/6-congreso\/#website\"},\"primaryImageOfPage\":{\"@id\":\"https:\/\/emprendedorescientificos.org\/6-congreso\/sede\/#primaryimage\"},\"image\":{\"@id\":\"https:\/\/emprendedorescientificos.org\/6-congreso\/sede\/#primaryimage\"},\"thumbnailUrl\":\"\",\"datePublished\":\"2022-05-26T15:39:16+00:00\",\"breadcrumb\":{\"@id\":\"https:\/\/emprendedorescientificos.org\/6-congreso\/sede\/#breadcrumb\"},\"inLanguage\":\"es\",\"potentialAction\":[{\"@type\":\"ReadAction\",\"target\":[\"https:\/\/emprendedorescientificos.org\/6-congreso\/sede\/\"]}]},{\"@type\":\"ImageObject\",\"inLanguage\":\"es\",\"@id\":\"https:\/\/emprendedorescientificos.org\/6-congreso\/sede\/#primaryimage\",\"url\":\"\",\"contentUrl\":\"\"},{\"@type\":\"BreadcrumbList\",\"@id\":\"https:\/\/emprendedorescientificos.org\/6-congreso\/sede\/#breadcrumb\",\"itemListElement\":[{\"@type\":\"ListItem\",\"position\":1,\"name\":\"Portada\",\"item\":\"https:\/\/emprendedorescientificos.org\/6-congreso\/\"},{\"@type\":\"ListItem\",\"position\":2,\"name\":\"Sede del congreso\"}]},{\"@type\":\"WebSite\",\"@id\":\"https:\/\/emprendedorescientificos.org\/6-congreso\/#website\",\"url\":\"https:\/\/emprendedorescientificos.org\/6-congreso\/\",\"name\":\"VI Congreso Nacional\",\"description\":\"Cient\u00edficos Emprendedores 2022\",\"publisher\":{\"@id\":\"https:\/\/emprendedorescientificos.org\/6-congreso\/#organization\"},\"potentialAction\":[{\"@type\":\"SearchAction\",\"target\":{\"@type\":\"EntryPoint\",\"urlTemplate\":\"https:\/\/emprendedorescientificos.org\/6-congreso\/?s={search_term_string}\"},\"query-input\":{\"@type\":\"PropertyValueSpecification\",\"valueRequired\":true,\"valueName\":\"search_term_string\"}}],\"inLanguage\":\"es\"},{\"@type\":\"Organization\",\"@id\":\"https:\/\/emprendedorescientificos.org\/6-congreso\/#organization\",\"name\":\"VI Congreso Nacional\",\"url\":\"https:\/\/emprendedorescientificos.org\/6-congreso\/\",\"logo\":{\"@type\":\"ImageObject\",\"inLanguage\":\"es\",\"@id\":\"https:\/\/emprendedorescientificos.org\/6-congreso\/#\/schema\/logo\/image\/\",\"url\":\"https:\/\/emprendedorescientificos.org\/6-congreso\/wp-content\/uploads\/sites\/2\/2023\/06\/cropped-favicon_emprendedorescientificos.png\",\"contentUrl\":\"https:\/\/emprendedorescientificos.org\/6-congreso\/wp-content\/uploads\/sites\/2\/2023\/06\/cropped-favicon_emprendedorescientificos.png\",\"width\":512,\"height\":512,\"caption\":\"VI Congreso Nacional\"},\"image\":{\"@id\":\"https:\/\/emprendedorescientificos.org\/6-congreso\/#\/schema\/logo\/image\/\"}}]}<\/script>\n<!-- \/ Yoast SEO plugin. -->","yoast_head_json":{"title":"Sede del congreso - VI Congreso Nacional","robots":{"index":"index","follow":"follow","max-snippet":"max-snippet:-1","max-image-preview":"max-image-preview:large","max-video-preview":"max-video-preview:-1"},"canonical":"https:\/\/emprendedorescientificos.org\/6-congreso\/sede\/","og_locale":"es_ES","og_type":"article","og_title":"Sede del congreso - VI Congreso Nacional","og_description":"\/*! elementor &#8211; v3.7.4 &#8211; 31-08-2022 *\/ .elementor-heading-title{padding:0;margin:0;line-height:1}.elementor-widget-heading .elementor-heading-title[class*=elementor-size-]&gt;a{color:inherit;font-size:inherit;line-height:inherit}.elementor-widget-heading .elementor-heading-title.elementor-size-small{font-size:15px}.elementor-widget-heading .elementor-heading-title.elementor-size-medium{font-size:19px}.elementor-widget-heading .elementor-heading-title.elementor-size-large{font-size:29px}.elementor-widget-heading .elementor-heading-title.elementor-size-xl{font-size:39px}.elementor-widget-heading .elementor-heading-title.elementor-size-xxl{font-size:59px}UCAM HITECH Centro de innovaci\u00f3n y aceleraci\u00f3n empresarial creado por la UCAM Universidad Cat\u00f3lica de Murcia, cuyo...","og_url":"https:\/\/emprendedorescientificos.org\/6-congreso\/sede\/","og_site_name":"VI Congreso Nacional","twitter_card":"summary_large_image","twitter_misc":{"Tiempo de lectura":"3 minutos"},"schema":{"@context":"https:\/\/schema.org","@graph":[{"@type":"WebPage","@id":"https:\/\/emprendedorescientificos.org\/6-congreso\/sede\/","url":"https:\/\/emprendedorescientificos.org\/6-congreso\/sede\/","name":"Sede del congreso - VI Congreso Nacional","isPartOf":{"@id":"https:\/\/emprendedorescientificos.org\/6-congreso\/#website"},"primaryImageOfPage":{"@id":"https:\/\/emprendedorescientificos.org\/6-congreso\/sede\/#primaryimage"},"image":{"@id":"https:\/\/emprendedorescientificos.org\/6-congreso\/sede\/#primaryimage"},"thumbnailUrl":"","datePublished":"2022-05-26T15:39:16+00:00","breadcrumb":{"@id":"https:\/\/emprendedorescientificos.org\/6-congreso\/sede\/#breadcrumb"},"inLanguage":"es","potentialAction":[{"@type":"ReadAction","target":["https:\/\/emprendedorescientificos.org\/6-congreso\/sede\/"]}]},{"@type":"ImageObject","inLanguage":"es","@id":"https:\/\/emprendedorescientificos.org\/6-congreso\/sede\/#primaryimage","url":"","contentUrl":""},{"@type":"BreadcrumbList","@id":"https:\/\/emprendedorescientificos.org\/6-congreso\/sede\/#breadcrumb","itemListElement":[{"@type":"ListItem","position":1,"name":"Portada","item":"https:\/\/emprendedorescientificos.org\/6-congreso\/"},{"@type":"ListItem","position":2,"name":"Sede del congreso"}]},{"@type":"WebSite","@id":"https:\/\/emprendedorescientificos.org\/6-congreso\/#website","url":"https:\/\/emprendedorescientificos.org\/6-congreso\/","name":"VI Congreso Nacional","description":"Cient\u00edficos Emprendedores 2022","publisher":{"@id":"https:\/\/emprendedorescientificos.org\/6-congreso\/#organization"},"potentialAction":[{"@type":"SearchAction","target":{"@type":"EntryPoint","urlTemplate":"https:\/\/emprendedorescientificos.org\/6-congreso\/?s={search_term_string}"},"query-input":{"@type":"PropertyValueSpecification","valueRequired":true,"valueName":"search_term_string"}}],"inLanguage":"es"},{"@type":"Organization","@id":"https:\/\/emprendedorescientificos.org\/6-congreso\/#organization","name":"VI Congreso Nacional","url":"https:\/\/emprendedorescientificos.org\/6-congreso\/","logo":{"@type":"ImageObject","inLanguage":"es","@id":"https:\/\/emprendedorescientificos.org\/6-congreso\/#\/schema\/logo\/image\/","url":"https:\/\/emprendedorescientificos.org\/6-congreso\/wp-content\/uploads\/sites\/2\/2023\/06\/cropped-favicon_emprendedorescientificos.png","contentUrl":"https:\/\/emprendedorescientificos.org\/6-congreso\/wp-content\/uploads\/sites\/2\/2023\/06\/cropped-favicon_emprendedorescientificos.png","width":512,"height":512,"caption":"VI Congreso Nacional"},"image":{"@id":"https:\/\/emprendedorescientificos.org\/6-congreso\/#\/schema\/logo\/image\/"}}]}},"acf":[],"_links":{"self":[{"href":"https:\/\/emprendedorescientificos.org\/6-congreso\/wp-json\/wp\/v2\/pages\/1475","targetHints":{"allow":["GET"]}}],"collection":[{"href":"https:\/\/emprendedorescientificos.org\/6-congreso\/wp-json\/wp\/v2\/pages"}],"about":[{"href":"https:\/\/emprendedorescientificos.org\/6-congreso\/wp-json\/wp\/v2\/types\/page"}],"author":[{"embeddable":true,"href":"https:\/\/emprendedorescientificos.org\/6-congreso\/wp-json\/wp\/v2\/users\/1"}],"replies":[{"embeddable":true,"href":"https:\/\/emprendedorescientificos.org\/6-congreso\/wp-json\/wp\/v2\/comments?post=1475"}],"version-history":[{"count":0,"href":"https:\/\/emprendedorescientificos.org\/6-congreso\/wp-json\/wp\/v2\/pages\/1475\/revisions"}],"wp:featuredmedia":[{"embeddable":true,"href":"https:\/\/emprendedorescientificos.org\/6-congreso\/wp-json\/"}],"wp:attachment":[{"href":"https:\/\/emprendedorescientificos.org\/6-congreso\/wp-json\/wp\/v2\/media?parent=1475"}],"curies":[{"name":"wp","href":"https:\/\/api.w.org\/{rel}","templated":true}]}}